{"id":1034,"date":"2020-07-15T15:45:42","date_gmt":"2020-07-15T13:45:42","guid":{"rendered":"https:\/\/nobile.edu.it\/aviation-academy\/?page_id=1034"},"modified":"2026-01-07T15:12:19","modified_gmt":"2026-01-07T14:12:19","slug":"domande-frequenti","status":"publish","type":"page","link":"https:\/\/nobile.edu.it\/aviation-academy\/domande-frequenti\/","title":{"rendered":"Domande Frequenti"},"content":{"rendered":"<div class=\"slider-wrapper relative network-slider\" id=\"slider-1320529316\" >\r\n    <div class=\"slider slider-nav-circle slider-nav-large slider-nav-light slider-style-normal\"\r\n        data-flickity-options='{\r\n            \"cellAlign\": \"center\",\r\n            \"imagesLoaded\": true,\r\n            \"lazyLoad\": 1,\r\n            \"freeScroll\": false,\r\n            \"wrapAround\": false,\r\n            \"autoPlay\": false,\r\n            \"pauseAutoPlayOnHover\" : false,\r\n            \"prevNextButtons\": false,\r\n            \"contain\" : true,\r\n            \"adaptiveHeight\" : true,\r\n            \"dragThreshold\" : 10,\r\n            \"percentPosition\": true,\r\n            \"pageDots\": false,\r\n            \"rightToLeft\": false,\r\n            \"draggable\": false,\r\n            \"selectedAttraction\": 0.1,\r\n            \"parallax\" : 0,\r\n            \"friction\": 0.6        }'\r\n        >\r\n        \n\t<section class=\"section\" id=\"section_320989660\">\r\n\t\t<div class=\"bg section-bg fill bg-fill  bg-loaded\" >\r\n\r\n\t\t\t\r\n\t\t\t\r\n\t\t\t\r\n\r\n\t\t<\/div>\r\n\r\n\t\t<div class=\"section-content relative\">\r\n\t\t\t\n<p class=\"mb-0\"><img src=\"https:\/\/nobile.edu.it\/aviation-academy\/wp-content\/uploads\/sites\/4\/2020\/08\/slider-nobile-aviation-academy-1920x575-FAQs.jpg\" alt=\"slider-nobile-aviation-academy-1920x575-FAQs\" decoding=\"async\" \/>\n\t\t<\/div>\r\n\r\n\t\t\n<style>\n#section_320989660 {\n  padding-top: 0px;\n  padding-bottom: 0px;\n}\n<\/style>\n\t<\/section>\r\n\t\n     <\/div>\r\n\r\n     <div class=\"loading-spin dark large centered\"><\/div>\r\n\r\n     <\/div>\r\n\r\n\n\t<div class=\"img has-hover x md-x lg-x y md-y lg-y\" id=\"image_471734850\">\r\n\t\t\t\t\t\t\t\t<div class=\"img-inner dark\" >\r\n\t\t\t<img loading=\"lazy\" decoding=\"async\" width=\"1020\" height=\"583\" src=\"https:\/\/nobile.edu.it\/aviation-academy\/wp-content\/uploads\/sites\/4\/2020\/04\/nobile-barra-tricolore.svg\" class=\"attachment-large size-large\" alt=\"nobile-barra-tricolore\" \/>\t\t\t\t\t\t\r\n\t\t\t\t\t<\/div>\r\n\t\t\t\t\t\t\t\t\n<style>\n#image_471734850 {\n  width: 100%;\n}\n<\/style>\n\t<\/div>\r\n\t\n\t<section class=\"section pb-0\" id=\"section_1684787450\">\r\n\t\t<div class=\"bg section-bg fill bg-fill  bg-loaded\" >\r\n\r\n\t\t\t\r\n\t\t\t\r\n\t\t\t\r\n\r\n\t\t<\/div>\r\n\r\n\t\t<div class=\"section-content relative\">\r\n\t\t\t\n<div class=\"row\"  id=\"row-917870329\">\n\r\n\t<div id=\"col-834998275\" class=\"col pb-0 small-12 large-12\"  >\r\n\t\t<div class=\"col-inner text-left\"  >\r\n\t\t\t\r\n\t\t\t\n<h1 class=\"text-center title\">Domande frequenti<\/h1>\n<p class=\"text-center lead\">Qui troverai alcune risposte alle domande pi\u00f9 frequenti sui nostri servizi.<\/p>\n\t\t<\/div>\r\n\t\t\t<\/div>\r\n\r\n\t\n<\/div>\n\t\t<\/div>\r\n\r\n\t\t\n<style>\n#section_1684787450 {\n  padding-top: 30px;\n  padding-bottom: 30px;\n}\n<\/style>\n\t<\/section>\r\n\t\n\t<section class=\"section\" id=\"section_856049249\">\r\n\t\t<div class=\"bg section-bg fill bg-fill  bg-loaded\" >\r\n\r\n\t\t\t\r\n\t\t\t\r\n\t\t\t\r\n\r\n\t\t<\/div>\r\n\r\n\t\t<div class=\"section-content relative\">\r\n\t\t\t\n<div class=\"row row-large align-middle align-center\"  id=\"row-81217569\">\n\r\n\t<div id=\"col-2067538937\" class=\"col small-12 large-12\"  >\r\n\t\t<div class=\"col-inner\"  >\r\n\t\t\t\r\n\t\t\t\n<div class=\"accordion\" rel=\"\">\n<div class=\"accordion-item\"><a href=\"#\" class=\"accordion-title plain\"><button class=\"toggle\"><i class=\"icon-angle-down\"><\/i><\/button><span>Come posso iscrivermi al corso?<\/span><\/a><div class=\"accordion-inner\">\n<p>Per iscriversi ad un corso \u00e8 necessario inviare all&#8217;ufficio ammissioni:<\/p>\n<ul>\n<li>Domanda di Ammissione compilata e firmata;<\/li>\n<li>Deposito non rimborsabile di 1.000 dollari americani;<\/li>\n<li>Copia scansionata del passaporto (a colori);<\/li>\n<li>Studenti internazionali: per il modulo I-20, requisito indispensabile per ottenere il visto americano, \u00e8 necessario fornire prove finanziarie della copertura dei costi di iscrizione.<\/li>\n<\/ul>\n<\/div><\/div>\n<div class=\"accordion-item\"><a href=\"#\" class=\"accordion-title plain\"><button class=\"toggle\"><i class=\"icon-angle-down\"><\/i><\/button><span>Quanto tempo ci vuole per imparare a volare e ottenere la licenza di Pilota Commerciale?<\/span><\/a><div class=\"accordion-inner\">\n<p>Le stesse variabili che influenzano il costo dell&#8217;addestramento influenzano anche il tempo per conseguire la licenza. L&#8217;EASA e la FAA hanno stabilito dei requisiti per il conseguimento delle rispettive licenze, tra cui un numero minimo di ore di volo.<\/p>\n<p>Partendo da un programma base full time: i corsi per piloti approvati FAA hanno una durata media di 6-8 mesi, mentre i corsi approvati EASA di 12-14 mesi. Per durata media si intende il tempo necessario per completare il programma.<\/p>\n<\/div><\/div>\n<div class=\"accordion-item\"><a href=\"#\" class=\"accordion-title plain\"><button class=\"toggle\"><i class=\"icon-angle-down\"><\/i><\/button><span>Quanti anni devo avere per prendere lezioni di volo?<\/span><\/a><div class=\"accordion-inner\">\n<p>Chiunque pu\u00f2 prendere lezioni di volo. Tuttavia, detto questo, bisogna avere almeno 16 anni per pilotare un velivolo e 17 anni per conseguire una licenza di pilota privato. Per ottenere la licenza di pilota commerciale \u00e8 necessario avere 18 anni. Pertanto, potrebbe non essere efficace, dal punto di vista delle spese e del numero di ore di volo, iniziare a prendere lezioni di volo troppo presto.<\/p>\n<p>Il nostro obiettivo principale \u00e8 l&#8217;addestramento professionale di piloti, pertanto accettiamo studenti di et\u00e0 minima pari a 18 anni nei nostri programmi di addestramento al volo.<\/p>\n<\/div><\/div>\n<div class=\"accordion-item\"><a href=\"#\" class=\"accordion-title plain\"><button class=\"toggle\"><i class=\"icon-angle-down\"><\/i><\/button><span>Sono stato avvertito di non pagare in anticipo tasse scolastiche elevate. Quali sono i requisiti per il pagamento presso la Nobile Aviation Academy?<\/span><\/a><div class=\"accordion-inner\">\n<p>Siamo d&#8217;accordo. A differenza di altre scuole di volo competitor, l&#8217;Academy non chiede mai il il versamento anticipato del 50% o del 100% delle tasse scolastiche. Invece, offre un piano di pagamento mensile, in base al progresso dello studente. Per maggiori informazioni contatta l&#8217;ufficio ammissioni.<\/p>\n<\/div><\/div>\n<div class=\"accordion-item\"><a href=\"#\" class=\"accordion-title plain\"><button class=\"toggle\"><i class=\"icon-angle-down\"><\/i><\/button><span>Qual \u00e8 l'et\u00e0 massima per poter prendere lezioni di volo?<\/span><\/a><div class=\"accordion-inner\">\n<p>Quando si dice &#8220;allievo pilota&#8221;, molte persone pensano ai giovani che inseguono un sogno. In realt\u00e0, oggi gli allievi piloti sono adulti di mezza et\u00e0 che, oltre a inseguire un sogno, vogliono soddisfare l&#8217;ambizione di una vita: diventare piloti. Abbiamo addestrato studenti dai 16 ai 65 anni; la maggior parte dei nostri allievi ha un&#8217;et\u00e0 compresa tra i 18 e i 24 anni.<\/p>\n<\/div><\/div>\n<div class=\"accordion-item\"><a href=\"#\" class=\"accordion-title plain\"><button class=\"toggle\"><i class=\"icon-angle-down\"><\/i><\/button><span>Quanto costa imparare a volare e conseguire una licenza di pilota?<\/span><\/a><div class=\"accordion-inner\">\n<p>Per imparare a volare bisogna considerare una serie di variabili che incidono sul costo, tra cui: frequenza delle lezioni; condizioni meteorologiche; tipo di velivolo utilizzato per il training e disponibilit\u00e0; attitudine personale. Pertanto, \u00e8 sempre una buona idea stabilire un budget per l&#8217;addestramento che tenga conto anche dei costi aggiuntivi.<\/p>\n<\/div><\/div>\n<div class=\"accordion-item\"><a href=\"#\" class=\"accordion-title plain\"><button class=\"toggle\"><i class=\"icon-angle-down\"><\/i><\/button><span>Non sono cittadino americano. Ho bisogno del visto di studente per fare addestramento negli USA?<\/span><\/a><div class=\"accordion-inner\">\n<p>S\u00ec. I cittadini non americani devono richiedere un visto M-1 (studenti) per fare addestramento negli USA. L&#8217;Academy si occuper\u00e0 della documentazione da presentare presso l&#8217;Ambasciata americana, per ottenere il visto. L&#8217;intero processo del visto richiede circa 30 giorni, in base ai tempi di attesa dell&#8217;ambasciata.<\/p>\n<p>Gli studenti internazionali che hanno bisogno del visto americano devono inviare all&#8217;Academy i documenti di iscrizione con almeno sei settimane di anticipo rispetto la data di inizio dell\u2019addestramento.<\/p>\n<\/div><\/div>\n<div class=\"accordion-item\"><a href=\"#\" class=\"accordion-title plain\"><button class=\"toggle\"><i class=\"icon-angle-down\"><\/i><\/button><span>Qual \u00e8 il dress code dell'Academy?<\/span><\/a><div class=\"accordion-inner\">\n<p>Il nostro obiettivo principale \u00e8 l&#8217;addestramento professionale di piloti. Gli studenti sono tenuti a mantenere un aspetto sempre curato e professionale. Nel nostro sforzo per aiutare gli studenti a sviluppare un&#8217;attitudine professionale, abbiamo stabilito il seguente dress code:<\/p>\n<ul>\n<li>Pantaloni neri in poliestere<\/li>\n<li>Camicia bianca (airline style) abbottonata (disponibile sul nostro Shop)<\/li>\n<li>Cravatta nera (disponibile sul nostro Shop)<\/li>\n<li>Cintura nera<\/li>\n<li>Scarpe nere (lucida, non in tessuto, no sandali)<\/li>\n<li>Calze nere<\/li>\n<li>Spalline nere, con strisce colore argento (rilasciate all&#8217;arrivo)<\/li>\n<li>Tessera e cordino identificativo della scuola (rilasciati all&#8217;arrivo)<\/li>\n<\/ul>\n<p>La divisa deve essere sempre indossata durante: lezioni di volo e lezioni in aula, sessioni al simulatore di volo, lezioni individuali, eventi e riunioni.<\/p>\n<\/div><\/div>\n<div class=\"accordion-item\"><a href=\"#\" class=\"accordion-title plain\"><button class=\"toggle\"><i class=\"icon-angle-down\"><\/i><\/button><span>\u00c8 previsto il trasporto o devo noleggiare una macchina?<\/span><\/a><div class=\"accordion-inner\">\n<p>Questa \u00e8 una scelta personale. Il trasporto non \u00e8 previsto, quindi gli studenti devono assicurarsi di rispettare gli orari delle attivit\u00e0 scolastiche.<\/p>\n<p>La sede \u00e8 ubicata a pochi chilometri dagli alloggi per studenti. Molti ragazzi che non hanno una macchina scelgono di acquistare una bicicletta per gli spostamenti. In alternativa, ci sono varie compagnie di noleggio auto.<\/p>\n<\/div><\/div>\n<\/div>\n\t\t<\/div>\r\n\t\t\t<\/div>\r\n\r\n\t\n<\/div>\n\t\t<\/div>\r\n\r\n\t\t\n<style>\n#section_856049249 {\n  padding-top: 30px;\n  padding-bottom: 30px;\n}\n<\/style>\n\t<\/section>\r\n\t\n","protected":false},"excerpt":{"rendered":"","protected":false},"author":1,"featured_media":0,"parent":0,"menu_order":0,"comment_status":"closed","ping_status":"closed","template":"page-blank.php","meta":{"_acf_changed":false,"inline_featured_image":false,"footnotes":""},"acf":[],"yoast_head":"<!-- This site is optimized with the Yoast SEO plugin v19.7.2 - https:\/\/yoast.com\/wordpress\/plugins\/seo\/ -->\n<title>Domande Frequenti &ndash; Nobile Aviation Academy<\/title>\n<meta name=\"description\" content=\"Domande Frequenti Nobile Aviation Academy. Scuola di Volo Internazionale a Roma, Reggio Emilia e Fagagna (UD).\" \/>\n<meta name=\"robots\" content=\"index, follow, max-snippet:-1, max-image-preview:large, max-video-preview:-1\" \/>\n<link rel=\"canonical\" href=\"https:\/\/nobile.edu.it\/aviation-academy\/domande-frequenti\/\" \/>\n<meta property=\"og:locale\" content=\"it_IT\" \/>\n<meta property=\"og:type\" content=\"article\" \/>\n<meta property=\"og:title\" content=\"Domande Frequenti &ndash; Nobile Aviation Academy\" \/>\n<meta property=\"og:description\" content=\"Domande Frequenti Nobile Aviation Academy. Scuola di Volo Internazionale a Roma, Reggio Emilia e Fagagna (UD).\" \/>\n<meta property=\"og:url\" content=\"https:\/\/nobile.edu.it\/aviation-academy\/domande-frequenti\/\" \/>\n<meta property=\"og:site_name\" content=\"Nobile Aviation Academy\" \/>\n<meta property=\"article:publisher\" content=\"https:\/\/www.facebook.com\/nobileaviationacademy\" \/>\n<meta property=\"article:modified_time\" content=\"2026-01-07T14:12:19+00:00\" \/>\n<meta name=\"twitter:card\" content=\"summary_large_image\" \/>\n<meta name=\"twitter:label1\" content=\"Tempo di lettura stimato\" \/>\n\t<meta name=\"twitter:data1\" content=\"4 minuti\" \/>\n<script type=\"application\/ld+json\" class=\"yoast-schema-graph\">{\"@context\":\"https:\/\/schema.org\",\"@graph\":[{\"@type\":\"WebPage\",\"@id\":\"https:\/\/nobile.edu.it\/aviation-academy\/domande-frequenti\/\",\"url\":\"https:\/\/nobile.edu.it\/aviation-academy\/domande-frequenti\/\",\"name\":\"Domande Frequenti &ndash; Nobile Aviation Academy\",\"isPartOf\":{\"@id\":\"https:\/\/nobile.edu.it\/aviation-academy\/#website\"},\"datePublished\":\"2020-07-15T13:45:42+00:00\",\"dateModified\":\"2026-01-07T14:12:19+00:00\",\"description\":\"Domande Frequenti Nobile Aviation Academy. Scuola di Volo Internazionale a Roma, Reggio Emilia e Fagagna (UD).\",\"breadcrumb\":{\"@id\":\"https:\/\/nobile.edu.it\/aviation-academy\/domande-frequenti\/#breadcrumb\"},\"inLanguage\":\"it-IT\",\"potentialAction\":[{\"@type\":\"ReadAction\",\"target\":[\"https:\/\/nobile.edu.it\/aviation-academy\/domande-frequenti\/\"]}]},{\"@type\":\"BreadcrumbList\",\"@id\":\"https:\/\/nobile.edu.it\/aviation-academy\/domande-frequenti\/#breadcrumb\",\"itemListElement\":[{\"@type\":\"ListItem\",\"position\":1,\"name\":\"Home\",\"item\":\"https:\/\/nobile.edu.it\/aviation-academy\/\"},{\"@type\":\"ListItem\",\"position\":2,\"name\":\"Domande Frequenti\"}]},{\"@type\":\"WebSite\",\"@id\":\"https:\/\/nobile.edu.it\/aviation-academy\/#website\",\"url\":\"https:\/\/nobile.edu.it\/aviation-academy\/\",\"name\":\"Nobile Aviation Academy\",\"description\":\"Istituto Nobile a Roma e Udine\",\"publisher\":{\"@id\":\"https:\/\/nobile.edu.it\/aviation-academy\/#organization\"},\"potentialAction\":[{\"@type\":\"SearchAction\",\"target\":{\"@type\":\"EntryPoint\",\"urlTemplate\":\"https:\/\/nobile.edu.it\/aviation-academy\/?s={search_term_string}\"},\"query-input\":\"required name=search_term_string\"}],\"inLanguage\":\"it-IT\"},{\"@type\":\"Organization\",\"@id\":\"https:\/\/nobile.edu.it\/aviation-academy\/#organization\",\"name\":\"Nobile\",\"url\":\"https:\/\/nobile.edu.it\/aviation-academy\/\",\"sameAs\":[\"https:\/\/www.instagram.com\/nobileaviationacademy\",\"https:\/\/www.facebook.com\/nobileaviationacademy\"],\"logo\":{\"@type\":\"ImageObject\",\"inLanguage\":\"it-IT\",\"@id\":\"https:\/\/nobile.edu.it\/aviation-academy\/#\/schema\/logo\/image\/\",\"url\":\"https:\/\/nobile.edu.it\/aviation-academy\/wp-content\/uploads\/sites\/4\/2020\/03\/aviation-academy-logo.svg\",\"contentUrl\":\"https:\/\/nobile.edu.it\/aviation-academy\/wp-content\/uploads\/sites\/4\/2020\/03\/aviation-academy-logo.svg\",\"width\":\"1400\",\"height\":\"800\",\"caption\":\"Nobile\"},\"image\":{\"@id\":\"https:\/\/nobile.edu.it\/aviation-academy\/#\/schema\/logo\/image\/\"}}]}<\/script>\n<!-- \/ Yoast SEO plugin. -->","yoast_head_json":{"title":"Domande Frequenti &ndash; Nobile Aviation Academy","description":"Domande Frequenti Nobile Aviation Academy. Scuola di Volo Internazionale a Roma, Reggio Emilia e Fagagna (UD).","robots":{"index":"index","follow":"follow","max-snippet":"max-snippet:-1","max-image-preview":"max-image-preview:large","max-video-preview":"max-video-preview:-1"},"canonical":"https:\/\/nobile.edu.it\/aviation-academy\/domande-frequenti\/","og_locale":"it_IT","og_type":"article","og_title":"Domande Frequenti &ndash; Nobile Aviation Academy","og_description":"Domande Frequenti Nobile Aviation Academy. Scuola di Volo Internazionale a Roma, Reggio Emilia e Fagagna (UD).","og_url":"https:\/\/nobile.edu.it\/aviation-academy\/domande-frequenti\/","og_site_name":"Nobile Aviation Academy","article_publisher":"https:\/\/www.facebook.com\/nobileaviationacademy","article_modified_time":"2026-01-07T14:12:19+00:00","twitter_card":"summary_large_image","twitter_misc":{"Tempo di lettura stimato":"4 minuti"},"schema":{"@context":"https:\/\/schema.org","@graph":[{"@type":"WebPage","@id":"https:\/\/nobile.edu.it\/aviation-academy\/domande-frequenti\/","url":"https:\/\/nobile.edu.it\/aviation-academy\/domande-frequenti\/","name":"Domande Frequenti &ndash; Nobile Aviation Academy","isPartOf":{"@id":"https:\/\/nobile.edu.it\/aviation-academy\/#website"},"datePublished":"2020-07-15T13:45:42+00:00","dateModified":"2026-01-07T14:12:19+00:00","description":"Domande Frequenti Nobile Aviation Academy. Scuola di Volo Internazionale a Roma, Reggio Emilia e Fagagna (UD).","breadcrumb":{"@id":"https:\/\/nobile.edu.it\/aviation-academy\/domande-frequenti\/#breadcrumb"},"inLanguage":"it-IT","potentialAction":[{"@type":"ReadAction","target":["https:\/\/nobile.edu.it\/aviation-academy\/domande-frequenti\/"]}]},{"@type":"BreadcrumbList","@id":"https:\/\/nobile.edu.it\/aviation-academy\/domande-frequenti\/#breadcrumb","itemListElement":[{"@type":"ListItem","position":1,"name":"Home","item":"https:\/\/nobile.edu.it\/aviation-academy\/"},{"@type":"ListItem","position":2,"name":"Domande Frequenti"}]},{"@type":"WebSite","@id":"https:\/\/nobile.edu.it\/aviation-academy\/#website","url":"https:\/\/nobile.edu.it\/aviation-academy\/","name":"Nobile Aviation Academy","description":"Istituto Nobile a Roma e Udine","publisher":{"@id":"https:\/\/nobile.edu.it\/aviation-academy\/#organization"},"potentialAction":[{"@type":"SearchAction","target":{"@type":"EntryPoint","urlTemplate":"https:\/\/nobile.edu.it\/aviation-academy\/?s={search_term_string}"},"query-input":"required name=search_term_string"}],"inLanguage":"it-IT"},{"@type":"Organization","@id":"https:\/\/nobile.edu.it\/aviation-academy\/#organization","name":"Nobile","url":"https:\/\/nobile.edu.it\/aviation-academy\/","sameAs":["https:\/\/www.instagram.com\/nobileaviationacademy","https:\/\/www.facebook.com\/nobileaviationacademy"],"logo":{"@type":"ImageObject","inLanguage":"it-IT","@id":"https:\/\/nobile.edu.it\/aviation-academy\/#\/schema\/logo\/image\/","url":"https:\/\/nobile.edu.it\/aviation-academy\/wp-content\/uploads\/sites\/4\/2020\/03\/aviation-academy-logo.svg","contentUrl":"https:\/\/nobile.edu.it\/aviation-academy\/wp-content\/uploads\/sites\/4\/2020\/03\/aviation-academy-logo.svg","width":"1400","height":"800","caption":"Nobile"},"image":{"@id":"https:\/\/nobile.edu.it\/aviation-academy\/#\/schema\/logo\/image\/"}}]}},"_links":{"self":[{"href":"https:\/\/nobile.edu.it\/aviation-academy\/wp-json\/wp\/v2\/pages\/1034"}],"collection":[{"href":"https:\/\/nobile.edu.it\/aviation-academy\/wp-json\/wp\/v2\/pages"}],"about":[{"href":"https:\/\/nobile.edu.it\/aviation-academy\/wp-json\/wp\/v2\/types\/page"}],"author":[{"embeddable":true,"href":"https:\/\/nobile.edu.it\/aviation-academy\/wp-json\/wp\/v2\/users\/1"}],"replies":[{"embeddable":true,"href":"https:\/\/nobile.edu.it\/aviation-academy\/wp-json\/wp\/v2\/comments?post=1034"}],"version-history":[{"count":21,"href":"https:\/\/nobile.edu.it\/aviation-academy\/wp-json\/wp\/v2\/pages\/1034\/revisions"}],"predecessor-version":[{"id":4437,"href":"https:\/\/nobile.edu.it\/aviation-academy\/wp-json\/wp\/v2\/pages\/1034\/revisions\/4437"}],"wp:attachment":[{"href":"https:\/\/nobile.edu.it\/aviation-academy\/wp-json\/wp\/v2\/media?parent=1034"}],"curies":[{"name":"wp","href":"https:\/\/api.w.org\/{rel}","templated":true}]}}